{"id":7,"date":"2021-06-15T09:41:00","date_gmt":"2021-06-15T07:41:00","guid":{"rendered":"http:\/\/traveltemp.ntm.eu\/?page_id=7"},"modified":"2021-06-23T13:30:58","modified_gmt":"2021-06-23T11:30:58","slug":"startsida","status":"publish","type":"page","link":"https:\/\/ntmtravel.se\/","title":{"rendered":"Startsida"},"content":{"rendered":"\t\t<div data-elementor-type=\"wp-page\" data-elementor-id=\"7\" class=\"elementor elementor-7\">\n\t\t\t\t\t\t<section class=\"elementor-section elementor-top-section elementor-element elementor-element-60bebe1 elementor-section-boxed elementor-section-height-default elementor-section-height-default\" data-id=\"60bebe1\" data-element_type=\"section\">\n\t\t\t\t\t\t<div class=\"elementor-container elementor-column-gap-default\">\n\t\t\t\t\t<div class=\"elementor-column elementor-col-100 elementor-top-column elementor-element elementor-element-18ea6ca\" data-id=\"18ea6ca\" data-element_type=\"column\">\n\t\t\t<div class=\"elementor-widget-wrap elementor-element-populated\">\n\t\t\t\t\t\t<div class=\"elementor-element elementor-element-297794e elementor-widget elementor-widget-heading\" data-id=\"297794e\" data-element_type=\"widget\" data-widget_type=\"heading.default\">\n\t\t\t\t<div class=\"elementor-widget-container\">\n\t\t\t<h2 class=\"elementor-heading-title elementor-size-default\">Mot nya \u00e4ventyr<\/h2>\t\t<\/div>\n\t\t\t\t<\/div>\n\t\t\t\t<div class=\"elementor-element elementor-element-2661e81 elementor-widget elementor-widget-text-editor\" data-id=\"2661e81\" data-element_type=\"widget\" data-widget_type=\"text-editor.default\">\n\t\t\t\t<div class=\"elementor-widget-container\">\n\t\t\t\t\t\t\t<p>B\u00e4sta kund till NTM Travel (tidigare Resecenter)<\/p><p>Efter att i n\u00e4ra 60 \u00e5r ha bedrivit resebyr\u00e5 inom NT-koncernen (NTM) v\u00e4ljer vi nu att ta nya steg. Det har varit en tuff tid under pandemin och vi har f\u00e5tt anpassa oss och v\u00e5r verksamhet kring resor. Vi v\u00e4ljer nu att avveckla resebyr\u00e5tj\u00e4nsterna i denna form. Du kommer som kund till n\u00e5gon av v\u00e5ra morgontidningar forts\u00e4tta att kunna ta del av f\u00f6rm\u00e5nliga resor via MERA kundklubb vilka kommer arrangeras av flera olika noga utvalda samarbetspartners.<\/p><p>Vi h\u00e4nvisar med varm hand enskilda researrangemang till Caroline Berlin och Maria Anderson vilka kommer starta ny resebyr\u00e5verksamhet i egen regi <a href=\"http:\/\/protravel.se\">protravel.se<\/a><\/p>\t\t\t\t\t\t<\/div>\n\t\t\t\t<\/div>\n\t\t\t\t<div class=\"elementor-element elementor-element-988596a elementor-widget elementor-widget-heading\" data-id=\"988596a\" data-element_type=\"widget\" data-widget_type=\"heading.default\">\n\t\t\t\t<div class=\"elementor-widget-container\">\n\t\t\t<h2 class=\"elementor-heading-title elementor-size-default\">Presentkort<\/h2>\t\t<\/div>\n\t\t\t\t<\/div>\n\t\t\t\t<div class=\"elementor-element elementor-element-9aa29e4 elementor-widget elementor-widget-text-editor\" data-id=\"9aa29e4\" data-element_type=\"widget\" data-widget_type=\"text-editor.default\">\n\t\t\t\t<div class=\"elementor-widget-container\">\n\t\t\t\t\t\t\t<p>Om du har ett aktuellt presentkort p\u00e5 Resecenter eller NTM Travel s\u00e5 kommer du att kunna nyttja det hos <a href=\"http:\/\/protravel.se\">ProTravel<\/a>.<\/p><p>Aktuella reseerbjudanden och f\u00f6rm\u00e5nliga boenden hittar du p\u00e5:<\/p>\t\t\t\t\t\t<\/div>\n\t\t\t\t<\/div>\n\t\t\t\t<div class=\"elementor-element elementor-element-7a67ec2 elementor-icon-list--layout-traditional elementor-list-item-link-full_width elementor-widget elementor-widget-icon-list\" data-id=\"7a67ec2\" data-element_type=\"widget\" data-widget_type=\"icon-list.default\">\n\t\t\t\t<div class=\"elementor-widget-container\">\n\t\t\t\t\t<ul class=\"elementor-icon-list-items\">\n\t\t\t\t\t\t\t<li class=\"elementor-icon-list-item\">\n\t\t\t\t\t\t\t\t\t\t\t<a href=\"http:\/\/nt.se\/mera\">\n\n\t\t\t\t\t\t\t\t\t\t\t\t<span class=\"elementor-icon-list-icon\">\n\t\t\t\t\t\t\t<i aria-hidden=\"true\" class=\"fas fa-external-link-alt\"><\/i>\t\t\t\t\t\t<\/span>\n\t\t\t\t\t\t\t\t\t\t<span class=\"elementor-icon-list-text\">nt.se\/mera<\/span>\n\t\t\t\t\t\t\t\t\t\t\t<\/a>\n\t\t\t\t\t\t\t\t\t<\/li>\n\t\t\t\t\t\t\t\t<li class=\"elementor-icon-list-item\">\n\t\t\t\t\t\t\t\t\t\t\t<a href=\"http:\/\/folkbladet.se\/mera\">\n\n\t\t\t\t\t\t\t\t\t\t\t\t<span class=\"elementor-icon-list-icon\">\n\t\t\t\t\t\t\t<i aria-hidden=\"true\" class=\"fas fa-external-link-alt\"><\/i>\t\t\t\t\t\t<\/span>\n\t\t\t\t\t\t\t\t\t\t<span class=\"elementor-icon-list-text\">folkbladet.se\/mera<\/span>\n\t\t\t\t\t\t\t\t\t\t\t<\/a>\n\t\t\t\t\t\t\t\t\t<\/li>\n\t\t\t\t\t\t\t\t<li class=\"elementor-icon-list-item\">\n\t\t\t\t\t\t\t\t\t\t\t<a href=\"http:\/\/corren.se\/mera\">\n\n\t\t\t\t\t\t\t\t\t\t\t\t<span class=\"elementor-icon-list-icon\">\n\t\t\t\t\t\t\t<i aria-hidden=\"true\" class=\"fas fa-external-link-alt\"><\/i>\t\t\t\t\t\t<\/span>\n\t\t\t\t\t\t\t\t\t\t<span class=\"elementor-icon-list-text\">corren.se\/mera<\/span>\n\t\t\t\t\t\t\t\t\t\t\t<\/a>\n\t\t\t\t\t\t\t\t\t<\/li>\n\t\t\t\t\t\t\t\t<li class=\"elementor-icon-list-item\">\n\t\t\t\t\t\t\t\t\t\t\t<a href=\"http:\/\/mvt.se\/mera\">\n\n\t\t\t\t\t\t\t\t\t\t\t\t<span class=\"elementor-icon-list-icon\">\n\t\t\t\t\t\t\t<i aria-hidden=\"true\" class=\"fas fa-external-link-alt\"><\/i>\t\t\t\t\t\t<\/span>\n\t\t\t\t\t\t\t\t\t\t<span class=\"elementor-icon-list-text\">mvt.se\/mera<\/span>\n\t\t\t\t\t\t\t\t\t\t\t<\/a>\n\t\t\t\t\t\t\t\t\t<\/li>\n\t\t\t\t\t\t\t\t<li class=\"elementor-icon-list-item\">\n\t\t\t\t\t\t\t\t\t\t\t<a href=\"http:\/\/vt.se\/mera\">\n\n\t\t\t\t\t\t\t\t\t\t\t\t<span class=\"elementor-icon-list-icon\">\n\t\t\t\t\t\t\t<i aria-hidden=\"true\" class=\"fas fa-external-link-alt\"><\/i>\t\t\t\t\t\t<\/span>\n\t\t\t\t\t\t\t\t\t\t<span class=\"elementor-icon-list-text\">vt.se\/mera<\/span>\n\t\t\t\t\t\t\t\t\t\t\t<\/a>\n\t\t\t\t\t\t\t\t\t<\/li>\n\t\t\t\t\t\t\t\t<li class=\"elementor-icon-list-item\">\n\t\t\t\t\t\t\t\t\t\t\t<a href=\"http:\/\/vimmerbytidning.se\/mera\">\n\n\t\t\t\t\t\t\t\t\t\t\t\t<span class=\"elementor-icon-list-icon\">\n\t\t\t\t\t\t\t<i aria-hidden=\"true\" class=\"fas fa-external-link-alt\"><\/i>\t\t\t\t\t\t<\/span>\n\t\t\t\t\t\t\t\t\t\t<span class=\"elementor-icon-list-text\">vimmerbytidning.se\/mera<\/span>\n\t\t\t\t\t\t\t\t\t\t\t<\/a>\n\t\t\t\t\t\t\t\t\t<\/li>\n\t\t\t\t\t\t<\/ul>\n\t\t\t\t<\/div>\n\t\t\t\t<\/div>\n\t\t\t\t<div class=\"elementor-element elementor-element-9284bf2 elementor-widget elementor-widget-heading\" data-id=\"9284bf2\" data-element_type=\"widget\" data-widget_type=\"heading.default\">\n\t\t\t\t<div class=\"elementor-widget-container\">\n\t\t\t<h2 class=\"elementor-heading-title elementor-size-default\">Bokade resor<\/h2>\t\t<\/div>\n\t\t\t\t<\/div>\n\t\t\t\t<div class=\"elementor-element elementor-element-f228cc0 elementor-widget elementor-widget-text-editor\" data-id=\"f228cc0\" data-element_type=\"widget\" data-widget_type=\"text-editor.default\">\n\t\t\t\t<div class=\"elementor-widget-container\">\n\t\t\t\t\t\t\t<p>Om du har en kommande resa som du har bokat via NTM Travel s\u00e5 kan du vara lugn. Vi kommer att hj\u00e4lpa dig med din resa som utlovat.<\/p><p>Kontakt f\u00f6r fr\u00e5gor om din resa \u00e4r som tidigare: <a href=\"mailto:info@ntmtravel.se\">info@ntmtravel.se<\/a><\/p><p>Vi passar p\u00e5 att tacka dig som kund och v\u00e4lkomna \u00e5ter till n\u00e5got av v\u00e5ra erbjudanden via MERA kundklubb och vi \u00f6nskar Caroline och Maria ett stort lycka till.<\/p><p>V\u00e4nligen<\/p><p>Lina Hedenstr\u00f6m<br \/>VD<br \/>NTM<\/p>\t\t\t\t\t\t<\/div>\n\t\t\t\t<\/div>\n\t\t\t\t\t<\/div>\n\t\t<\/div>\n\t\t\t\t\t<\/div>\n\t\t<\/section>\n\t\t\t\t<\/div>\n\t\t","protected":false},"excerpt":{"rendered":"<p>Mot nya \u00e4ventyr B\u00e4sta kund till NTM Travel (tidigare Resecenter) Efter att i n\u00e4ra 60 \u00e5r ha bedrivit resebyr\u00e5 inom NT-koncernen (NTM) v\u00e4ljer vi nu att ta nya steg. Det har varit en tuff tid under pandemin och vi har f\u00e5tt anpassa oss och v\u00e5r verksamhet kring resor. Vi v\u00e4ljer nu att avveckla resebyr\u00e5tj\u00e4nsterna i [&hellip;]<\/p>\n","protected":false},"author":1,"featured_media":0,"parent":0,"menu_order":0,"comment_status":"closed","ping_status":"closed","template":"","meta":[],"_links":{"self":[{"href":"https:\/\/ntmtravel.se\/index.php?rest_route=\/wp\/v2\/pages\/7"}],"collection":[{"href":"https:\/\/ntmtravel.se\/index.php?rest_route=\/wp\/v2\/pages"}],"about":[{"href":"https:\/\/ntmtravel.se\/index.php?rest_route=\/wp\/v2\/types\/page"}],"author":[{"embeddable":true,"href":"https:\/\/ntmtravel.se\/index.php?rest_route=\/wp\/v2\/users\/1"}],"replies":[{"embeddable":true,"href":"https:\/\/ntmtravel.se\/index.php?rest_route=%2Fwp%2Fv2%2Fcomments&post=7"}],"version-history":[{"count":55,"href":"https:\/\/ntmtravel.se\/index.php?rest_route=\/wp\/v2\/pages\/7\/revisions"}],"predecessor-version":[{"id":97,"href":"https:\/\/ntmtravel.se\/index.php?rest_route=\/wp\/v2\/pages\/7\/revisions\/97"}],"wp:attachment":[{"href":"https:\/\/ntmtravel.se\/index.php?rest_route=%2Fwp%2Fv2%2Fmedia&parent=7"}],"curies":[{"name":"wp","href":"https:\/\/api.w.org\/{rel}","templated":true}]}}